{"id":2740,"date":"2016-05-04T12:02:00","date_gmt":"2016-05-04T11:02:00","guid":{"rendered":"https:\/\/www.deldo.com\/fr\/?page_id=2740"},"modified":"2019-01-02T13:06:11","modified_gmt":"2019-01-02T12:06:11","slug":"minerva","status":"publish","type":"page","link":"https:\/\/www.deldo.com\/fr\/homepage\/tyres\/nos-marques-privees\/minerva\/","title":{"rendered":"MINERVA\u00ae"},"content":{"rendered":"<p><img loading=\"lazy\" decoding=\"async\" class=\"alignnone wp-image-1543 size-medium\" src=\"https:\/\/www.deldo.com\/wp-content\/uploads\/2016\/03\/Minerva_full_colour_150dpi-300x133.jpg\" alt=\"Minerva_full_colour_150dpi\" width=\"300\" height=\"133\" srcset=\"https:\/\/www.deldo.com\/wp-content\/uploads\/2016\/03\/Minerva_full_colour_150dpi-300x133.jpg 300w, https:\/\/www.deldo.com\/wp-content\/uploads\/2016\/03\/Minerva_full_colour_150dpi-768x341.jpg 768w, https:\/\/www.deldo.com\/wp-content\/uploads\/2016\/03\/Minerva_full_colour_150dpi-1024x454.jpg 1024w, https:\/\/www.deldo.com\/wp-content\/uploads\/2016\/03\/Minerva_full_colour_150dpi.jpg 1333w\" sizes=\"auto, (max-width: 300px) 100vw, 300px\" \/><\/p>\n<p>La marque MINERVA\u00ae d\u00e9signe une d\u00e9esse romaine de l\u2019art et du commerce, la science et la connaissance.<\/p>\n<p>Minerva est un choix judicieux et son image est repr\u00e9sent\u00e9e \u00e0 l\u2019universit\u00e9 de Tor Sapienza \u00e0 Rome.\u00a0La marque a \u00e9t\u00e9 lanc\u00e9e en 1992 et nous lui avons attribu\u00e9 le logo du constructeur automobile belge apr\u00e8s avoir obtenu les droits.<\/p>\n<p>Pneus \u00e9t\u00e9: plus de 440 r\u00e9f\u00e9rences<br \/>\nPneus hiver: plus de 235 r\u00e9f\u00e9rences<br \/>\nPneus 4 Saisons: plus de 110 r\u00e9f\u00e9rences<\/p>\n<p><a href=\"http:\/\/www.minerva-tyres.com\" target=\"_blank\" rel=\"noopener\">Pour en savoir plus!<\/a><\/p>\n","protected":false},"excerpt":{"rendered":"<p>La marque MINERVA\u00ae d\u00e9signe une d\u00e9esse romaine de l\u2019art et du commerce, la science et la connaissance. Minerva est un choix judicieux et son image est repr\u00e9sent\u00e9e \u00e0 l\u2019universit\u00e9 de Tor Sapienza \u00e0 Rome.\u00a0La marque a \u00e9t\u00e9 lanc\u00e9e en 1992 et nous lui avons attribu\u00e9 le logo du constructeur automobile belge apr\u00e8s avoir obtenu les [&hellip;]<\/p>\n","protected":false},"author":4,"featured_media":0,"parent":2732,"menu_order":4,"comment_status":"closed","ping_status":"closed","template":"","meta":{"footnotes":""},"class_list":["post-2740","page","type-page","status-publish","hentry"],"acf":[],"yoast_head":"<!-- This site is optimized with the Yoast SEO plugin v19.7.2 - https:\/\/yoast.com\/wordpress\/plugins\/seo\/ -->\n<title>MINERVA\u00ae - Deldo<\/title>\n<meta name=\"robots\" content=\"index, follow, max-snippet:-1, max-image-preview:large, max-video-preview:-1\" \/>\n<link rel=\"canonical\" href=\"https:\/\/www.deldo.com\/fr\/homepage\/tyres\/nos-marques-privees\/minerva\/\" \/>\n<meta property=\"og:locale\" content=\"fr_FR\" \/>\n<meta property=\"og:type\" content=\"article\" \/>\n<meta property=\"og:title\" content=\"MINERVA\u00ae - Deldo\" \/>\n<meta property=\"og:description\" content=\"La marque MINERVA\u00ae d\u00e9signe une d\u00e9esse romaine de l\u2019art et du commerce, la science et la connaissance. Minerva est un choix judicieux et son image est repr\u00e9sent\u00e9e \u00e0 l\u2019universit\u00e9 de Tor Sapienza \u00e0 Rome.\u00a0La marque a \u00e9t\u00e9 lanc\u00e9e en 1992 et nous lui avons attribu\u00e9 le logo du constructeur automobile belge apr\u00e8s avoir obtenu les [&hellip;]\" \/>\n<meta property=\"og:url\" content=\"https:\/\/www.deldo.com\/fr\/homepage\/tyres\/nos-marques-privees\/minerva\/\" \/>\n<meta property=\"og:site_name\" content=\"Deldo\" \/>\n<meta property=\"article:modified_time\" content=\"2019-01-02T12:06:11+00:00\" \/>\n<meta property=\"og:image\" content=\"https:\/\/www.deldo.com\/wp-content\/uploads\/2016\/03\/Minerva_full_colour_150dpi-300x133.jpg\" \/>\n<meta name=\"twitter:card\" content=\"summary\" \/>\n<script type=\"application\/ld+json\" class=\"yoast-schema-graph\">{\"@context\":\"https:\/\/schema.org\",\"@graph\":[{\"@type\":\"WebPage\",\"@id\":\"https:\/\/www.deldo.com\/fr\/homepage\/tyres\/nos-marques-privees\/minerva\/\",\"url\":\"https:\/\/www.deldo.com\/fr\/homepage\/tyres\/nos-marques-privees\/minerva\/\",\"name\":\"MINERVA\u00ae - Deldo\",\"isPartOf\":{\"@id\":\"https:\/\/www.deldo.com\/#website\"},\"datePublished\":\"2016-05-04T11:02:00+00:00\",\"dateModified\":\"2019-01-02T12:06:11+00:00\",\"breadcrumb\":{\"@id\":\"https:\/\/www.deldo.com\/fr\/homepage\/tyres\/nos-marques-privees\/minerva\/#breadcrumb\"},\"inLanguage\":\"fr-FR\",\"potentialAction\":[{\"@type\":\"ReadAction\",\"target\":[\"https:\/\/www.deldo.com\/fr\/homepage\/tyres\/nos-marques-privees\/minerva\/\"]}]},{\"@type\":\"BreadcrumbList\",\"@id\":\"https:\/\/www.deldo.com\/fr\/homepage\/tyres\/nos-marques-privees\/minerva\/#breadcrumb\",\"itemListElement\":[{\"@type\":\"ListItem\",\"position\":1,\"name\":\"Home\",\"item\":\"https:\/\/www.deldo.com\/fr\/\"},{\"@type\":\"ListItem\",\"position\":2,\"name\":\"Homepage\",\"item\":\"https:\/\/www.deldo.com\/fr\/\"},{\"@type\":\"ListItem\",\"position\":3,\"name\":\"TYRES\",\"item\":\"https:\/\/www.deldo.com\/fr\/homepage\/tyres\/\"},{\"@type\":\"ListItem\",\"position\":4,\"name\":\"Nos marques priv\u00e9es\",\"item\":\"https:\/\/www.deldo.com\/fr\/homepage\/tyres\/nos-marques-privees\/\"},{\"@type\":\"ListItem\",\"position\":5,\"name\":\"MINERVA\u00ae\"}]},{\"@type\":\"WebSite\",\"@id\":\"https:\/\/www.deldo.com\/#website\",\"url\":\"https:\/\/www.deldo.com\/\",\"name\":\"Deldo\",\"description\":\"We are tyres\",\"potentialAction\":[{\"@type\":\"SearchAction\",\"target\":{\"@type\":\"EntryPoint\",\"urlTemplate\":\"https:\/\/www.deldo.com\/?s={search_term_string}\"},\"query-input\":\"required name=search_term_string\"}],\"inLanguage\":\"fr-FR\"}]}<\/script>\n<!-- \/ Yoast SEO plugin. -->","yoast_head_json":{"title":"MINERVA\u00ae - Deldo","robots":{"index":"index","follow":"follow","max-snippet":"max-snippet:-1","max-image-preview":"max-image-preview:large","max-video-preview":"max-video-preview:-1"},"canonical":"https:\/\/www.deldo.com\/fr\/homepage\/tyres\/nos-marques-privees\/minerva\/","og_locale":"fr_FR","og_type":"article","og_title":"MINERVA\u00ae - Deldo","og_description":"La marque MINERVA\u00ae d\u00e9signe une d\u00e9esse romaine de l\u2019art et du commerce, la science et la connaissance. Minerva est un choix judicieux et son image est repr\u00e9sent\u00e9e \u00e0 l\u2019universit\u00e9 de Tor Sapienza \u00e0 Rome.\u00a0La marque a \u00e9t\u00e9 lanc\u00e9e en 1992 et nous lui avons attribu\u00e9 le logo du constructeur automobile belge apr\u00e8s avoir obtenu les [&hellip;]","og_url":"https:\/\/www.deldo.com\/fr\/homepage\/tyres\/nos-marques-privees\/minerva\/","og_site_name":"Deldo","article_modified_time":"2019-01-02T12:06:11+00:00","og_image":[{"url":"https:\/\/www.deldo.com\/wp-content\/uploads\/2016\/03\/Minerva_full_colour_150dpi-300x133.jpg"}],"twitter_card":"summary","schema":{"@context":"https:\/\/schema.org","@graph":[{"@type":"WebPage","@id":"https:\/\/www.deldo.com\/fr\/homepage\/tyres\/nos-marques-privees\/minerva\/","url":"https:\/\/www.deldo.com\/fr\/homepage\/tyres\/nos-marques-privees\/minerva\/","name":"MINERVA\u00ae - Deldo","isPartOf":{"@id":"https:\/\/www.deldo.com\/#website"},"datePublished":"2016-05-04T11:02:00+00:00","dateModified":"2019-01-02T12:06:11+00:00","breadcrumb":{"@id":"https:\/\/www.deldo.com\/fr\/homepage\/tyres\/nos-marques-privees\/minerva\/#breadcrumb"},"inLanguage":"fr-FR","potentialAction":[{"@type":"ReadAction","target":["https:\/\/www.deldo.com\/fr\/homepage\/tyres\/nos-marques-privees\/minerva\/"]}]},{"@type":"BreadcrumbList","@id":"https:\/\/www.deldo.com\/fr\/homepage\/tyres\/nos-marques-privees\/minerva\/#breadcrumb","itemListElement":[{"@type":"ListItem","position":1,"name":"Home","item":"https:\/\/www.deldo.com\/fr\/"},{"@type":"ListItem","position":2,"name":"Homepage","item":"https:\/\/www.deldo.com\/fr\/"},{"@type":"ListItem","position":3,"name":"TYRES","item":"https:\/\/www.deldo.com\/fr\/homepage\/tyres\/"},{"@type":"ListItem","position":4,"name":"Nos marques priv\u00e9es","item":"https:\/\/www.deldo.com\/fr\/homepage\/tyres\/nos-marques-privees\/"},{"@type":"ListItem","position":5,"name":"MINERVA\u00ae"}]},{"@type":"WebSite","@id":"https:\/\/www.deldo.com\/#website","url":"https:\/\/www.deldo.com\/","name":"Deldo","description":"We are tyres","potentialAction":[{"@type":"SearchAction","target":{"@type":"EntryPoint","urlTemplate":"https:\/\/www.deldo.com\/?s={search_term_string}"},"query-input":"required name=search_term_string"}],"inLanguage":"fr-FR"}]}},"_links":{"self":[{"href":"https:\/\/www.deldo.com\/fr\/wp-json\/wp\/v2\/pages\/2740","targetHints":{"allow":["GET"]}}],"collection":[{"href":"https:\/\/www.deldo.com\/fr\/wp-json\/wp\/v2\/pages"}],"about":[{"href":"https:\/\/www.deldo.com\/fr\/wp-json\/wp\/v2\/types\/page"}],"author":[{"embeddable":true,"href":"https:\/\/www.deldo.com\/fr\/wp-json\/wp\/v2\/users\/4"}],"replies":[{"embeddable":true,"href":"https:\/\/www.deldo.com\/fr\/wp-json\/wp\/v2\/comments?post=2740"}],"version-history":[{"count":3,"href":"https:\/\/www.deldo.com\/fr\/wp-json\/wp\/v2\/pages\/2740\/revisions"}],"predecessor-version":[{"id":5106,"href":"https:\/\/www.deldo.com\/fr\/wp-json\/wp\/v2\/pages\/2740\/revisions\/5106"}],"up":[{"embeddable":true,"href":"https:\/\/www.deldo.com\/fr\/wp-json\/wp\/v2\/pages\/2732"}],"wp:attachment":[{"href":"https:\/\/www.deldo.com\/fr\/wp-json\/wp\/v2\/media?parent=2740"}],"curies":[{"name":"wp","href":"https:\/\/api.w.org\/{rel}","templated":true}]}}