{"id":2123,"date":"2016-04-08T14:22:51","date_gmt":"2016-04-08T13:22:51","guid":{"rendered":"https:\/\/www.deldo.com\/de\/?page_id=2123"},"modified":"2017-07-07T13:02:14","modified_gmt":"2017-07-07T12:02:14","slug":"qualitaet-preis","status":"publish","type":"page","link":"https:\/\/www.deldo.com\/de\/homepage\/tyres-2\/ein-private-label\/qualitaet-preis\/","title":{"rendered":"Qualit\u00e4t &#8211; Preis"},"content":{"rendered":"<p>Deldo bietet nur TOP Private Label G\u00fcnstigreifen an. Als Marktf\u00fchrer in diesem Segment k\u00f6nnen wir uns nur verl\u00e4ssliche Qualit\u00e4t, in der wir dauernd investieren, leisten. Deshalb sind wir bei der Produktentwicklung unserer Hausmarken beteiligt.<\/p>\n<p>Unsere Hausmarken gibt es in allen Preiskategorien . Top-Qualit\u00e4t zu g\u00fcnstigen Preisen oder der absolute \u201eSparschweinprofi\u201c-Reifen mit guter Qualit\u00e4t.<\/p>\n<p>So sind wir immer einen Schritt voraus und entwickeln als Erster die marktbed\u00fcrftigen Reifen. Zum Beispiel unser neues Sortiment an Ganzjahresreifen.<\/p>\n<p>100% Preis-Leistung? Auf jeden Fall.<\/p>\n","protected":false},"excerpt":{"rendered":"<p>Deldo bietet nur TOP Private Label G\u00fcnstigreifen an. Als Marktf\u00fchrer in diesem Segment k\u00f6nnen wir uns nur verl\u00e4ssliche Qualit\u00e4t, in der wir dauernd investieren, leisten. Deshalb sind wir bei der Produktentwicklung unserer Hausmarken beteiligt. Unsere Hausmarken gibt es in allen Preiskategorien . Top-Qualit\u00e4t zu g\u00fcnstigen Preisen oder der absolute \u201eSparschweinprofi\u201c-Reifen mit guter Qualit\u00e4t. So sind [&hellip;]<\/p>\n","protected":false},"author":4,"featured_media":1566,"parent":2111,"menu_order":6,"comment_status":"closed","ping_status":"closed","template":"","meta":{"footnotes":""},"class_list":["post-2123","page","type-page","status-publish","has-post-thumbnail","hentry"],"acf":[],"yoast_head":"<!-- This site is optimized with the Yoast SEO plugin v19.7.2 - https:\/\/yoast.com\/wordpress\/plugins\/seo\/ -->\n<title>Qualit\u00e4t - Preis - Deldo<\/title>\n<meta name=\"robots\" content=\"index, follow, max-snippet:-1, max-image-preview:large, max-video-preview:-1\" \/>\n<link rel=\"canonical\" href=\"https:\/\/www.deldo.com\/de\/homepage\/tyres-2\/ein-private-label\/qualitaet-preis\/\" \/>\n<meta property=\"og:locale\" content=\"de_DE\" \/>\n<meta property=\"og:type\" content=\"article\" \/>\n<meta property=\"og:title\" content=\"Qualit\u00e4t - Preis - Deldo\" \/>\n<meta property=\"og:description\" content=\"Deldo bietet nur TOP Private Label G\u00fcnstigreifen an. Als Marktf\u00fchrer in diesem Segment k\u00f6nnen wir uns nur verl\u00e4ssliche Qualit\u00e4t, in der wir dauernd investieren, leisten. Deshalb sind wir bei der Produktentwicklung unserer Hausmarken beteiligt. Unsere Hausmarken gibt es in allen Preiskategorien . Top-Qualit\u00e4t zu g\u00fcnstigen Preisen oder der absolute \u201eSparschweinprofi\u201c-Reifen mit guter Qualit\u00e4t. So sind [&hellip;]\" \/>\n<meta property=\"og:url\" content=\"https:\/\/www.deldo.com\/de\/homepage\/tyres-2\/ein-private-label\/qualitaet-preis\/\" \/>\n<meta property=\"og:site_name\" content=\"Deldo\" \/>\n<meta property=\"article:modified_time\" content=\"2017-07-07T12:02:14+00:00\" \/>\n<meta property=\"og:image\" content=\"https:\/\/www.deldo.com\/wp-content\/uploads\/2016\/03\/TYRES_Private-label_prijs-kwaliteit_1-300x118.jpg\" \/>\n\t<meta property=\"og:image:width\" content=\"300\" \/>\n\t<meta property=\"og:image:height\" content=\"118\" \/>\n\t<meta property=\"og:image:type\" content=\"image\/jpeg\" \/>\n<meta name=\"twitter:card\" content=\"summary\" \/>\n<script type=\"application\/ld+json\" class=\"yoast-schema-graph\">{\"@context\":\"https:\/\/schema.org\",\"@graph\":[{\"@type\":\"WebPage\",\"@id\":\"https:\/\/www.deldo.com\/de\/homepage\/tyres-2\/ein-private-label\/qualitaet-preis\/\",\"url\":\"https:\/\/www.deldo.com\/de\/homepage\/tyres-2\/ein-private-label\/qualitaet-preis\/\",\"name\":\"Qualit\u00e4t - Preis - Deldo\",\"isPartOf\":{\"@id\":\"https:\/\/www.deldo.com\/#website\"},\"datePublished\":\"2016-04-08T13:22:51+00:00\",\"dateModified\":\"2017-07-07T12:02:14+00:00\",\"breadcrumb\":{\"@id\":\"https:\/\/www.deldo.com\/de\/homepage\/tyres-2\/ein-private-label\/qualitaet-preis\/#breadcrumb\"},\"inLanguage\":\"de\",\"potentialAction\":[{\"@type\":\"ReadAction\",\"target\":[\"https:\/\/www.deldo.com\/de\/homepage\/tyres-2\/ein-private-label\/qualitaet-preis\/\"]}]},{\"@type\":\"BreadcrumbList\",\"@id\":\"https:\/\/www.deldo.com\/de\/homepage\/tyres-2\/ein-private-label\/qualitaet-preis\/#breadcrumb\",\"itemListElement\":[{\"@type\":\"ListItem\",\"position\":1,\"name\":\"Home\",\"item\":\"https:\/\/www.deldo.com\/de\/\"},{\"@type\":\"ListItem\",\"position\":2,\"name\":\"Homepage\",\"item\":\"https:\/\/www.deldo.com\/de\/\"},{\"@type\":\"ListItem\",\"position\":3,\"name\":\"TYRES\",\"item\":\"https:\/\/www.deldo.com\/de\/homepage\/tyres-2\/\"},{\"@type\":\"ListItem\",\"position\":4,\"name\":\"Ein Private Label?\",\"item\":\"https:\/\/www.deldo.com\/de\/homepage\/tyres-2\/ein-private-label\/\"},{\"@type\":\"ListItem\",\"position\":5,\"name\":\"Qualit\u00e4t &#8211; Preis\"}]},{\"@type\":\"WebSite\",\"@id\":\"https:\/\/www.deldo.com\/#website\",\"url\":\"https:\/\/www.deldo.com\/\",\"name\":\"Deldo\",\"description\":\"We are tyres\",\"potentialAction\":[{\"@type\":\"SearchAction\",\"target\":{\"@type\":\"EntryPoint\",\"urlTemplate\":\"https:\/\/www.deldo.com\/?s={search_term_string}\"},\"query-input\":\"required name=search_term_string\"}],\"inLanguage\":\"de\"}]}<\/script>\n<!-- \/ Yoast SEO plugin. -->","yoast_head_json":{"title":"Qualit\u00e4t - Preis - Deldo","robots":{"index":"index","follow":"follow","max-snippet":"max-snippet:-1","max-image-preview":"max-image-preview:large","max-video-preview":"max-video-preview:-1"},"canonical":"https:\/\/www.deldo.com\/de\/homepage\/tyres-2\/ein-private-label\/qualitaet-preis\/","og_locale":"de_DE","og_type":"article","og_title":"Qualit\u00e4t - Preis - Deldo","og_description":"Deldo bietet nur TOP Private Label G\u00fcnstigreifen an. Als Marktf\u00fchrer in diesem Segment k\u00f6nnen wir uns nur verl\u00e4ssliche Qualit\u00e4t, in der wir dauernd investieren, leisten. Deshalb sind wir bei der Produktentwicklung unserer Hausmarken beteiligt. Unsere Hausmarken gibt es in allen Preiskategorien . Top-Qualit\u00e4t zu g\u00fcnstigen Preisen oder der absolute \u201eSparschweinprofi\u201c-Reifen mit guter Qualit\u00e4t. So sind [&hellip;]","og_url":"https:\/\/www.deldo.com\/de\/homepage\/tyres-2\/ein-private-label\/qualitaet-preis\/","og_site_name":"Deldo","article_modified_time":"2017-07-07T12:02:14+00:00","og_image":[{"width":300,"height":118,"url":"https:\/\/www.deldo.com\/wp-content\/uploads\/2016\/03\/TYRES_Private-label_prijs-kwaliteit_1-300x118.jpg","type":"image\/jpeg"}],"twitter_card":"summary","schema":{"@context":"https:\/\/schema.org","@graph":[{"@type":"WebPage","@id":"https:\/\/www.deldo.com\/de\/homepage\/tyres-2\/ein-private-label\/qualitaet-preis\/","url":"https:\/\/www.deldo.com\/de\/homepage\/tyres-2\/ein-private-label\/qualitaet-preis\/","name":"Qualit\u00e4t - Preis - Deldo","isPartOf":{"@id":"https:\/\/www.deldo.com\/#website"},"datePublished":"2016-04-08T13:22:51+00:00","dateModified":"2017-07-07T12:02:14+00:00","breadcrumb":{"@id":"https:\/\/www.deldo.com\/de\/homepage\/tyres-2\/ein-private-label\/qualitaet-preis\/#breadcrumb"},"inLanguage":"de","potentialAction":[{"@type":"ReadAction","target":["https:\/\/www.deldo.com\/de\/homepage\/tyres-2\/ein-private-label\/qualitaet-preis\/"]}]},{"@type":"BreadcrumbList","@id":"https:\/\/www.deldo.com\/de\/homepage\/tyres-2\/ein-private-label\/qualitaet-preis\/#breadcrumb","itemListElement":[{"@type":"ListItem","position":1,"name":"Home","item":"https:\/\/www.deldo.com\/de\/"},{"@type":"ListItem","position":2,"name":"Homepage","item":"https:\/\/www.deldo.com\/de\/"},{"@type":"ListItem","position":3,"name":"TYRES","item":"https:\/\/www.deldo.com\/de\/homepage\/tyres-2\/"},{"@type":"ListItem","position":4,"name":"Ein Private Label?","item":"https:\/\/www.deldo.com\/de\/homepage\/tyres-2\/ein-private-label\/"},{"@type":"ListItem","position":5,"name":"Qualit\u00e4t &#8211; Preis"}]},{"@type":"WebSite","@id":"https:\/\/www.deldo.com\/#website","url":"https:\/\/www.deldo.com\/","name":"Deldo","description":"We are tyres","potentialAction":[{"@type":"SearchAction","target":{"@type":"EntryPoint","urlTemplate":"https:\/\/www.deldo.com\/?s={search_term_string}"},"query-input":"required name=search_term_string"}],"inLanguage":"de"}]}},"_links":{"self":[{"href":"https:\/\/www.deldo.com\/de\/wp-json\/wp\/v2\/pages\/2123","targetHints":{"allow":["GET"]}}],"collection":[{"href":"https:\/\/www.deldo.com\/de\/wp-json\/wp\/v2\/pages"}],"about":[{"href":"https:\/\/www.deldo.com\/de\/wp-json\/wp\/v2\/types\/page"}],"author":[{"embeddable":true,"href":"https:\/\/www.deldo.com\/de\/wp-json\/wp\/v2\/users\/4"}],"replies":[{"embeddable":true,"href":"https:\/\/www.deldo.com\/de\/wp-json\/wp\/v2\/comments?post=2123"}],"version-history":[{"count":1,"href":"https:\/\/www.deldo.com\/de\/wp-json\/wp\/v2\/pages\/2123\/revisions"}],"predecessor-version":[{"id":2124,"href":"https:\/\/www.deldo.com\/de\/wp-json\/wp\/v2\/pages\/2123\/revisions\/2124"}],"up":[{"embeddable":true,"href":"https:\/\/www.deldo.com\/de\/wp-json\/wp\/v2\/pages\/2111"}],"wp:featuredmedia":[{"embeddable":true,"href":"https:\/\/www.deldo.com\/de\/wp-json\/wp\/v2\/media\/1566"}],"wp:attachment":[{"href":"https:\/\/www.deldo.com\/de\/wp-json\/wp\/v2\/media?parent=2123"}],"curies":[{"name":"wp","href":"https:\/\/api.w.org\/{rel}","templated":true}]}}